{"id":160,"date":"2014-08-15T15:59:56","date_gmt":"2014-08-15T13:59:56","guid":{"rendered":"http:\/\/mvenzenkirchen.at\/cms\/?page_id=160"},"modified":"2025-09-09T19:55:25","modified_gmt":"2025-09-09T17:55:25","slug":"jugend","status":"publish","type":"page","link":"http:\/\/www.mvenzenkirchen.at\/cms\/jugend\/","title":{"rendered":"MVE KIDS"},"content":{"rendered":"\n<h2 class=\"wp-block-heading\">Willst du ein Instrument lernen und Teil einer Gruppe sein, die gemeinsam musiziert und der Spa\u00df nicht zu kurz kommt?<\/h2>\n\n\n\n<p>Unser Jugendreferat rund um Patrick Scheiterbauer freut sich von euch zu h\u00f6ren:<br>0650 5102243<\/p>\n\n\n\n<p><em><strong>EINIGE HIGHLIGHTS DER MVE KIDS<\/strong><\/em>:<\/p>\n\n\n\n<p><strong>Erste Jugendmarschwertung mit Diersbach &amp; Sigharting<\/strong> <strong>2025<\/strong><\/p>\n\n\n\n<figure class=\"wp-block-gallery has-nested-images columns-default is-cropped wp-block-gallery-1 is-layout-flex wp-block-gallery-is-layout-flex\">\n<figure class=\"wp-block-image size-large\"><a href=\"http:\/\/www.mvenzenkirchen.at\/cms\/wp-content\/uploads\/2025\/09\/IMG-20250705-WA0004-1.jpg\"><img fetchpriority=\"high\" decoding=\"async\" width=\"768\" height=\"1024\" data-id=\"6360\" src=\"http:\/\/www.mvenzenkirchen.at\/cms\/wp-content\/uploads\/2025\/09\/IMG-20250705-WA0004-1-768x1024.jpg\" alt=\"\" class=\"wp-image-6360\" srcset=\"http:\/\/www.mvenzenkirchen.at\/cms\/wp-content\/uploads\/2025\/09\/IMG-20250705-WA0004-1-768x1024.jpg 768w, http:\/\/www.mvenzenkirchen.at\/cms\/wp-content\/uploads\/2025\/09\/IMG-20250705-WA0004-1-225x300.jpg 225w, http:\/\/www.mvenzenkirchen.at\/cms\/wp-content\/uploads\/2025\/09\/IMG-20250705-WA0004-1-1152x1536.jpg 1152w, http:\/\/www.mvenzenkirchen.at\/cms\/wp-content\/uploads\/2025\/09\/IMG-20250705-WA0004-1.jpg 1200w\" sizes=\"(max-width: 768px) 100vw, 768px\" \/><\/a><\/figure>\n\n\n\n<figure class=\"wp-block-image size-large\"><a href=\"http:\/\/www.mvenzenkirchen.at\/cms\/wp-content\/uploads\/2025\/09\/IMG-20250705-WA0005-1.jpg\"><img decoding=\"async\" width=\"1024\" height=\"768\" data-id=\"6361\" src=\"http:\/\/www.mvenzenkirchen.at\/cms\/wp-content\/uploads\/2025\/09\/IMG-20250705-WA0005-1-1024x768.jpg\" alt=\"\" class=\"wp-image-6361\" srcset=\"http:\/\/www.mvenzenkirchen.at\/cms\/wp-content\/uploads\/2025\/09\/IMG-20250705-WA0005-1-1024x768.jpg 1024w, http:\/\/www.mvenzenkirchen.at\/cms\/wp-content\/uploads\/2025\/09\/IMG-20250705-WA0005-1-300x225.jpg 300w, http:\/\/www.mvenzenkirchen.at\/cms\/wp-content\/uploads\/2025\/09\/IMG-20250705-WA0005-1-768x576.jpg 768w, http:\/\/www.mvenzenkirchen.at\/cms\/wp-content\/uploads\/2025\/09\/IMG-20250705-WA0005-1-1536x1152.jpg 1536w, http:\/\/www.mvenzenkirchen.at\/cms\/wp-content\/uploads\/2025\/09\/IMG-20250705-WA0005-1.jpg 1600w\" sizes=\"(max-width: 1024px) 100vw, 1024px\" \/><\/a><\/figure>\n\n\n\n<figure class=\"wp-block-image size-large\"><a href=\"http:\/\/www.mvenzenkirchen.at\/cms\/wp-content\/uploads\/2025\/09\/Jugendmarschwertung-1.jpg\"><img decoding=\"async\" width=\"768\" height=\"1024\" data-id=\"6362\" src=\"http:\/\/www.mvenzenkirchen.at\/cms\/wp-content\/uploads\/2025\/09\/Jugendmarschwertung-1-768x1024.jpg\" alt=\"\" class=\"wp-image-6362\" srcset=\"http:\/\/www.mvenzenkirchen.at\/cms\/wp-content\/uploads\/2025\/09\/Jugendmarschwertung-1-768x1024.jpg 768w, http:\/\/www.mvenzenkirchen.at\/cms\/wp-content\/uploads\/2025\/09\/Jugendmarschwertung-1-225x300.jpg 225w, http:\/\/www.mvenzenkirchen.at\/cms\/wp-content\/uploads\/2025\/09\/Jugendmarschwertung-1-1152x1536.jpg 1152w, http:\/\/www.mvenzenkirchen.at\/cms\/wp-content\/uploads\/2025\/09\/Jugendmarschwertung-1.jpg 1200w\" sizes=\"(max-width: 768px) 100vw, 768px\" \/><\/a><\/figure>\n<\/figure>\n\n\n\n<p><strong>Fr\u00fchlingskonzert 2025<\/strong><\/p>\n\n\n\n<figure class=\"wp-block-gallery has-nested-images columns-default is-cropped wp-block-gallery-2 is-layout-flex wp-block-gallery-is-layout-flex\">\n<figure class=\"wp-block-image size-large\"><a href=\"http:\/\/www.mvenzenkirchen.at\/cms\/wp-content\/uploads\/2025\/09\/Fruehlingskonzert_2025.jpg\"><img loading=\"lazy\" decoding=\"async\" width=\"1024\" height=\"683\" data-id=\"6355\" src=\"http:\/\/www.mvenzenkirchen.at\/cms\/wp-content\/uploads\/2025\/09\/Fruehlingskonzert_2025-1024x683.jpg\" alt=\"\" class=\"wp-image-6355\" srcset=\"http:\/\/www.mvenzenkirchen.at\/cms\/wp-content\/uploads\/2025\/09\/Fruehlingskonzert_2025-1024x683.jpg 1024w, http:\/\/www.mvenzenkirchen.at\/cms\/wp-content\/uploads\/2025\/09\/Fruehlingskonzert_2025-300x200.jpg 300w, http:\/\/www.mvenzenkirchen.at\/cms\/wp-content\/uploads\/2025\/09\/Fruehlingskonzert_2025-768x512.jpg 768w, http:\/\/www.mvenzenkirchen.at\/cms\/wp-content\/uploads\/2025\/09\/Fruehlingskonzert_2025-1536x1024.jpg 1536w, http:\/\/www.mvenzenkirchen.at\/cms\/wp-content\/uploads\/2025\/09\/Fruehlingskonzert_2025-272x182.jpg 272w, http:\/\/www.mvenzenkirchen.at\/cms\/wp-content\/uploads\/2025\/09\/Fruehlingskonzert_2025.jpg 1920w\" sizes=\"(max-width: 1024px) 100vw, 1024px\" \/><\/a><\/figure>\n\n\n\n<figure class=\"wp-block-image size-large\"><a href=\"http:\/\/www.mvenzenkirchen.at\/cms\/wp-content\/uploads\/2025\/09\/Fruehlingskonzert_2025_Einspielprobe-scaled.jpg\"><img loading=\"lazy\" decoding=\"async\" width=\"1024\" height=\"683\" data-id=\"6356\" src=\"http:\/\/www.mvenzenkirchen.at\/cms\/wp-content\/uploads\/2025\/09\/Fruehlingskonzert_2025_Einspielprobe-1024x683.jpg\" alt=\"\" class=\"wp-image-6356\" srcset=\"http:\/\/www.mvenzenkirchen.at\/cms\/wp-content\/uploads\/2025\/09\/Fruehlingskonzert_2025_Einspielprobe-1024x683.jpg 1024w, http:\/\/www.mvenzenkirchen.at\/cms\/wp-content\/uploads\/2025\/09\/Fruehlingskonzert_2025_Einspielprobe-300x200.jpg 300w, http:\/\/www.mvenzenkirchen.at\/cms\/wp-content\/uploads\/2025\/09\/Fruehlingskonzert_2025_Einspielprobe-768x512.jpg 768w, http:\/\/www.mvenzenkirchen.at\/cms\/wp-content\/uploads\/2025\/09\/Fruehlingskonzert_2025_Einspielprobe-1536x1024.jpg 1536w, http:\/\/www.mvenzenkirchen.at\/cms\/wp-content\/uploads\/2025\/09\/Fruehlingskonzert_2025_Einspielprobe-2048x1365.jpg 2048w, http:\/\/www.mvenzenkirchen.at\/cms\/wp-content\/uploads\/2025\/09\/Fruehlingskonzert_2025_Einspielprobe-272x182.jpg 272w\" sizes=\"(max-width: 1024px) 100vw, 1024px\" \/><\/a><\/figure>\n<\/figure>\n\n\n\n<p><strong>dreit\u00e4gige Probentage 2024<\/strong><\/p>\n\n\n\n<figure class=\"wp-block-gallery has-nested-images columns-default is-cropped wp-block-gallery-3 is-layout-flex wp-block-gallery-is-layout-flex\">\n<figure class=\"wp-block-image size-large\"><a href=\"http:\/\/www.mvenzenkirchen.at\/cms\/wp-content\/uploads\/2025\/09\/Ausflug_2024_Gruppenfoto-1.jpg\"><img loading=\"lazy\" decoding=\"async\" width=\"768\" height=\"1024\" data-id=\"6352\" src=\"http:\/\/www.mvenzenkirchen.at\/cms\/wp-content\/uploads\/2025\/09\/Ausflug_2024_Gruppenfoto-1-768x1024.jpg\" alt=\"\" class=\"wp-image-6352\" srcset=\"http:\/\/www.mvenzenkirchen.at\/cms\/wp-content\/uploads\/2025\/09\/Ausflug_2024_Gruppenfoto-1-768x1024.jpg 768w, http:\/\/www.mvenzenkirchen.at\/cms\/wp-content\/uploads\/2025\/09\/Ausflug_2024_Gruppenfoto-1-225x300.jpg 225w, http:\/\/www.mvenzenkirchen.at\/cms\/wp-content\/uploads\/2025\/09\/Ausflug_2024_Gruppenfoto-1-1152x1536.jpg 1152w, http:\/\/www.mvenzenkirchen.at\/cms\/wp-content\/uploads\/2025\/09\/Ausflug_2024_Gruppenfoto-1.jpg 1500w\" sizes=\"(max-width: 768px) 100vw, 768px\" \/><\/a><\/figure>\n\n\n\n<figure class=\"wp-block-image size-large\"><a href=\"http:\/\/www.mvenzenkirchen.at\/cms\/wp-content\/uploads\/2025\/09\/Ausflug_2024_Konzert-1.jpg\"><img loading=\"lazy\" decoding=\"async\" width=\"1024\" height=\"577\" data-id=\"6354\" src=\"http:\/\/www.mvenzenkirchen.at\/cms\/wp-content\/uploads\/2025\/09\/Ausflug_2024_Konzert-1-1024x577.jpg\" alt=\"\" class=\"wp-image-6354\" srcset=\"http:\/\/www.mvenzenkirchen.at\/cms\/wp-content\/uploads\/2025\/09\/Ausflug_2024_Konzert-1-1024x577.jpg 1024w, http:\/\/www.mvenzenkirchen.at\/cms\/wp-content\/uploads\/2025\/09\/Ausflug_2024_Konzert-1-300x169.jpg 300w, http:\/\/www.mvenzenkirchen.at\/cms\/wp-content\/uploads\/2025\/09\/Ausflug_2024_Konzert-1-768x432.jpg 768w, http:\/\/www.mvenzenkirchen.at\/cms\/wp-content\/uploads\/2025\/09\/Ausflug_2024_Konzert-1-1536x865.jpg 1536w, http:\/\/www.mvenzenkirchen.at\/cms\/wp-content\/uploads\/2025\/09\/Ausflug_2024_Konzert-1.jpg 2048w\" sizes=\"(max-width: 1024px) 100vw, 1024px\" \/><\/a><\/figure>\n\n\n\n<figure class=\"wp-block-image size-large\"><a href=\"http:\/\/www.mvenzenkirchen.at\/cms\/wp-content\/uploads\/2025\/09\/Ausflug_2024_Lagerfeuer-1.jpg\"><img loading=\"lazy\" decoding=\"async\" width=\"1024\" height=\"768\" data-id=\"6353\" src=\"http:\/\/www.mvenzenkirchen.at\/cms\/wp-content\/uploads\/2025\/09\/Ausflug_2024_Lagerfeuer-1-1024x768.jpg\" alt=\"\" class=\"wp-image-6353\" srcset=\"http:\/\/www.mvenzenkirchen.at\/cms\/wp-content\/uploads\/2025\/09\/Ausflug_2024_Lagerfeuer-1-1024x768.jpg 1024w, http:\/\/www.mvenzenkirchen.at\/cms\/wp-content\/uploads\/2025\/09\/Ausflug_2024_Lagerfeuer-1-300x225.jpg 300w, http:\/\/www.mvenzenkirchen.at\/cms\/wp-content\/uploads\/2025\/09\/Ausflug_2024_Lagerfeuer-1-768x576.jpg 768w, http:\/\/www.mvenzenkirchen.at\/cms\/wp-content\/uploads\/2025\/09\/Ausflug_2024_Lagerfeuer-1-1536x1152.jpg 1536w, http:\/\/www.mvenzenkirchen.at\/cms\/wp-content\/uploads\/2025\/09\/Ausflug_2024_Lagerfeuer-1.jpg 2048w\" sizes=\"(max-width: 1024px) 100vw, 1024px\" \/><\/a><\/figure>\n<\/figure>\n\n\n\n<p><strong>Faschingskonzert 2023<\/strong><\/p>\n\n\n<div class=\"wp-block-image\">\n<figure class=\"alignleft size-large is-resized\"><a href=\"http:\/\/www.mvenzenkirchen.at\/cms\/wp-content\/uploads\/2025\/09\/Faschingskonzert_2023.jpg\"><img loading=\"lazy\" decoding=\"async\" width=\"1024\" height=\"576\" src=\"http:\/\/www.mvenzenkirchen.at\/cms\/wp-content\/uploads\/2025\/09\/Faschingskonzert_2023-1024x576.jpg\" alt=\"\" class=\"wp-image-6348\" style=\"width:482px;height:auto\" srcset=\"http:\/\/www.mvenzenkirchen.at\/cms\/wp-content\/uploads\/2025\/09\/Faschingskonzert_2023-1024x576.jpg 1024w, http:\/\/www.mvenzenkirchen.at\/cms\/wp-content\/uploads\/2025\/09\/Faschingskonzert_2023-300x169.jpg 300w, http:\/\/www.mvenzenkirchen.at\/cms\/wp-content\/uploads\/2025\/09\/Faschingskonzert_2023-768x432.jpg 768w, http:\/\/www.mvenzenkirchen.at\/cms\/wp-content\/uploads\/2025\/09\/Faschingskonzert_2023-1536x864.jpg 1536w, http:\/\/www.mvenzenkirchen.at\/cms\/wp-content\/uploads\/2025\/09\/Faschingskonzert_2023.jpg 2016w\" sizes=\"(max-width: 1024px) 100vw, 1024px\" \/><\/a><\/figure>\n<\/div>\n\n\n<p><\/p>\n\n\n\n<p><\/p>\n\n\n\n<p><\/p>\n\n\n\n<p><\/p>\n\n\n\n<p><\/p>\n\n\n\n<p><strong>Ausflug 2022<\/strong><\/p>\n\n\n\n<figure class=\"wp-block-gallery has-nested-images columns-default is-cropped wp-block-gallery-4 is-layout-flex wp-block-gallery-is-layout-flex\">\n<figure class=\"wp-block-image size-large\"><img loading=\"lazy\" decoding=\"async\" width=\"1024\" height=\"768\" data-id=\"3524\" src=\"http:\/\/www.mvenzenkirchen.at\/cms\/wp-content\/uploads\/2022\/12\/IMG-20221008-WA0033-1024x768.jpg\" alt=\"\" class=\"wp-image-3524\" srcset=\"http:\/\/www.mvenzenkirchen.at\/cms\/wp-content\/uploads\/2022\/12\/IMG-20221008-WA0033-1024x768.jpg 1024w, http:\/\/www.mvenzenkirchen.at\/cms\/wp-content\/uploads\/2022\/12\/IMG-20221008-WA0033-300x225.jpg 300w, http:\/\/www.mvenzenkirchen.at\/cms\/wp-content\/uploads\/2022\/12\/IMG-20221008-WA0033-768x576.jpg 768w, http:\/\/www.mvenzenkirchen.at\/cms\/wp-content\/uploads\/2022\/12\/IMG-20221008-WA0033-1536x1152.jpg 1536w, http:\/\/www.mvenzenkirchen.at\/cms\/wp-content\/uploads\/2022\/12\/IMG-20221008-WA0033.jpg 1600w\" sizes=\"(max-width: 1024px) 100vw, 1024px\" \/><\/figure>\n\n\n\n<figure class=\"wp-block-image size-large\"><img loading=\"lazy\" decoding=\"async\" width=\"1024\" height=\"768\" data-id=\"3525\" src=\"http:\/\/www.mvenzenkirchen.at\/cms\/wp-content\/uploads\/2022\/12\/IMG-20221008-WA0049.jpg\" alt=\"\" class=\"wp-image-3525\" srcset=\"http:\/\/www.mvenzenkirchen.at\/cms\/wp-content\/uploads\/2022\/12\/IMG-20221008-WA0049.jpg 1024w, http:\/\/www.mvenzenkirchen.at\/cms\/wp-content\/uploads\/2022\/12\/IMG-20221008-WA0049-300x225.jpg 300w, http:\/\/www.mvenzenkirchen.at\/cms\/wp-content\/uploads\/2022\/12\/IMG-20221008-WA0049-768x576.jpg 768w\" sizes=\"(max-width: 1024px) 100vw, 1024px\" \/><\/figure>\n\n\n\n<figure class=\"wp-block-image size-large\"><img loading=\"lazy\" decoding=\"async\" width=\"768\" height=\"1024\" data-id=\"3526\" src=\"http:\/\/www.mvenzenkirchen.at\/cms\/wp-content\/uploads\/2022\/12\/IMG-20221008-WA0068-768x1024.jpg\" alt=\"\" class=\"wp-image-3526\" srcset=\"http:\/\/www.mvenzenkirchen.at\/cms\/wp-content\/uploads\/2022\/12\/IMG-20221008-WA0068-768x1024.jpg 768w, http:\/\/www.mvenzenkirchen.at\/cms\/wp-content\/uploads\/2022\/12\/IMG-20221008-WA0068-225x300.jpg 225w, http:\/\/www.mvenzenkirchen.at\/cms\/wp-content\/uploads\/2022\/12\/IMG-20221008-WA0068-1152x1536.jpg 1152w, http:\/\/www.mvenzenkirchen.at\/cms\/wp-content\/uploads\/2022\/12\/IMG-20221008-WA0068.jpg 1200w\" sizes=\"(max-width: 768px) 100vw, 768px\" \/><\/figure>\n\n\n<div class=\"wp-block-image\">\n<figure class=\"aligncenter size-large\"><img loading=\"lazy\" decoding=\"async\" width=\"1024\" height=\"768\" data-id=\"3527\" src=\"http:\/\/www.mvenzenkirchen.at\/cms\/wp-content\/uploads\/2022\/12\/IMG-20221008-WA0077-1024x768.jpg\" alt=\"\" class=\"wp-image-3527\" srcset=\"http:\/\/www.mvenzenkirchen.at\/cms\/wp-content\/uploads\/2022\/12\/IMG-20221008-WA0077-1024x768.jpg 1024w, http:\/\/www.mvenzenkirchen.at\/cms\/wp-content\/uploads\/2022\/12\/IMG-20221008-WA0077-300x225.jpg 300w, http:\/\/www.mvenzenkirchen.at\/cms\/wp-content\/uploads\/2022\/12\/IMG-20221008-WA0077-768x576.jpg 768w, http:\/\/www.mvenzenkirchen.at\/cms\/wp-content\/uploads\/2022\/12\/IMG-20221008-WA0077-1536x1152.jpg 1536w, http:\/\/www.mvenzenkirchen.at\/cms\/wp-content\/uploads\/2022\/12\/IMG-20221008-WA0077.jpg 1600w\" sizes=\"(max-width: 1024px) 100vw, 1024px\" \/><\/figure>\n<\/div><\/figure>\n\n\n\n<p><\/p>\n\n\n\n<p><\/p>\n\n\n\n<p><strong>Instrumentenvorstellung<\/strong> &#8211; Fagott, Tenorhorn, Horn, Querfl\u00f6te<\/p>\n\n\n\n<figure class=\"wp-block-embed is-type-video is-provider-youtube wp-block-embed-youtube wp-embed-aspect-16-9 wp-has-aspect-ratio\"><div class=\"wp-block-embed__wrapper\">\n<iframe title=\"A Herz f\u00fcr d\u00b4Musi - Das Fagott\" width=\"500\" height=\"281\" src=\"https:\/\/www.youtube.com\/embed\/bmmfyZkUXpk?feature=oembed\" frameborder=\"0\" allow=\"accelerometer; autoplay; clipboard-write; encrypted-media; gyroscope; picture-in-picture; web-share\" referrerpolicy=\"strict-origin-when-cross-origin\" allowfullscreen><\/iframe>\n<\/div><\/figure>\n\n\n\n<figure class=\"wp-block-embed is-type-video is-provider-youtube wp-block-embed-youtube wp-embed-aspect-16-9 wp-has-aspect-ratio\"><div class=\"wp-block-embed__wrapper\">\n<iframe title=\"A Herz f\u00fcr d\u00b4Musi - Das Tenorhorn und Bariton\" width=\"500\" height=\"281\" src=\"https:\/\/www.youtube.com\/embed\/A3UKNcLfo7U?feature=oembed\" frameborder=\"0\" allow=\"accelerometer; autoplay; clipboard-write; encrypted-media; gyroscope; picture-in-picture; web-share\" referrerpolicy=\"strict-origin-when-cross-origin\" allowfullscreen><\/iframe>\n<\/div><\/figure>\n\n\n\n<figure class=\"wp-block-embed is-type-video is-provider-youtube wp-block-embed-youtube wp-embed-aspect-16-9 wp-has-aspect-ratio\"><div class=\"wp-block-embed__wrapper\">\n<iframe title=\"A Herz f\u00fcr d\u00b4Musi - Das Horn\" width=\"500\" height=\"281\" src=\"https:\/\/www.youtube.com\/embed\/a6ugNK6T26c?feature=oembed\" frameborder=\"0\" allow=\"accelerometer; autoplay; clipboard-write; encrypted-media; gyroscope; picture-in-picture; web-share\" referrerpolicy=\"strict-origin-when-cross-origin\" allowfullscreen><\/iframe>\n<\/div><\/figure>\n\n\n\n<figure class=\"wp-block-embed is-type-video is-provider-youtube wp-block-embed-youtube wp-embed-aspect-16-9 wp-has-aspect-ratio\"><div class=\"wp-block-embed__wrapper\">\n<iframe title=\"A Herz f\u00fcr d\u00b4Musi - Die Querfl\u00f6te\" width=\"500\" height=\"281\" src=\"https:\/\/www.youtube.com\/embed\/IfIMoqo8-I8?feature=oembed\" frameborder=\"0\" allow=\"accelerometer; autoplay; clipboard-write; encrypted-media; gyroscope; picture-in-picture; web-share\" referrerpolicy=\"strict-origin-when-cross-origin\" allowfullscreen><\/iframe>\n<\/div><\/figure>\n\n\n\n<h4 class=\"wp-block-heading\">Wir freuen uns \u00fcber alle, die ein Instrument lernen wollen und unser Orchester musikalisch verst\u00e4rken!<\/h4>\n\n\n\n<p>Unser Jugendreferat rund um Patrick Scheiterbauer, Astrid Kleinp\u00f6tzl, J\u00fcrgen Kreische und Lea K\u00f6nig unterst\u00fctzen euch gerne. Weitere Informationen und Fragen beantwortet euch Patrick Scheiterbauer unter 0650 5102243.<\/p>\n\n\n\n<p><\/p>\n","protected":false},"excerpt":{"rendered":"<p>Willst du ein Instrument lernen und Teil einer Gruppe sein, die gemeinsam musiziert [&hellip;]<\/p>\n","protected":false},"author":1,"featured_media":0,"parent":0,"menu_order":0,"comment_status":"closed","ping_status":"closed","template":"","meta":{"footnotes":""},"class_list":["post-160","page","type-page","status-publish","hentry"],"_links":{"self":[{"href":"http:\/\/www.mvenzenkirchen.at\/cms\/wp-json\/wp\/v2\/pages\/160","targetHints":{"allow":["GET"]}}],"collection":[{"href":"http:\/\/www.mvenzenkirchen.at\/cms\/wp-json\/wp\/v2\/pages"}],"about":[{"href":"http:\/\/www.mvenzenkirchen.at\/cms\/wp-json\/wp\/v2\/types\/page"}],"author":[{"embeddable":true,"href":"http:\/\/www.mvenzenkirchen.at\/cms\/wp-json\/wp\/v2\/users\/1"}],"replies":[{"embeddable":true,"href":"http:\/\/www.mvenzenkirchen.at\/cms\/wp-json\/wp\/v2\/comments?post=160"}],"version-history":[{"count":10,"href":"http:\/\/www.mvenzenkirchen.at\/cms\/wp-json\/wp\/v2\/pages\/160\/revisions"}],"predecessor-version":[{"id":6364,"href":"http:\/\/www.mvenzenkirchen.at\/cms\/wp-json\/wp\/v2\/pages\/160\/revisions\/6364"}],"wp:attachment":[{"href":"http:\/\/www.mvenzenkirchen.at\/cms\/wp-json\/wp\/v2\/media?parent=160"}],"curies":[{"name":"wp","href":"https:\/\/api.w.org\/{rel}","templated":true}]}}